{"id":21,"date":"2024-05-13T09:51:12","date_gmt":"2024-05-13T07:51:12","guid":{"rendered":"https:\/\/www.family-stach-crea.com\/?post_type=product&#038;p=21"},"modified":"2024-06-16T21:00:14","modified_gmt":"2024-06-16T19:00:14","slug":"bolero-multicolore","status":"publish","type":"product","link":"https:\/\/www.family-stach-crea.com\/index.php\/produit\/bolero-multicolore\/","title":{"rendered":"Bol\u00e9ro b\u00e9b\u00e9"},"content":{"rendered":"<p><span style=\"vertical-align: inherit;\"><span style=\"vertical-align: inherit;\"><strong>DESCRIPTION<\/strong><br \/>\n<\/span><\/span><span style=\"vertical-align: inherit;\"><span style=\"vertical-align: inherit;\">Bol\u00e9ro multicolore (orange, rose et blanc) fait main au crochet pour habiller b\u00e9b\u00e9<\/span><\/span><\/p>\n<p><strong>COMPOSITION<br \/>\n<\/strong><span style=\"vertical-align: inherit;\"><span style=\"vertical-align: inherit;\">R\u00e9alis\u00e9 en fil 100 % coton, boutonni\u00e8re fleurie<\/span><\/span><\/p>\n<p><strong>DIMENSIONS<br \/>\n<\/strong><span style=\"vertical-align: inherit;\">Taille de 0 \u00e0 3 mois<\/span><strong><br \/>\n<\/strong><\/p>\n<p>&nbsp;<\/p>\n","protected":false},"excerpt":{"rendered":"<p><span style=\"vertical-align: inherit;\">Bol\u00e9ro multicolore (orange, rose et blanc) fait main au crochet pour habiller b\u00e9b\u00e9<\/span><\/p>\n","protected":false},"featured_media":22,"template":"","meta":[],"product_brand":[],"product_cat":[18,17],"product_tag":[25,27,29,28,26,20],"class_list":{"0":"post-21","1":"product","2":"type-product","3":"status-publish","4":"has-post-thumbnail","6":"product_cat-layette","7":"product_cat-modeles-crochet","8":"product_tag-artisanal","9":"product_tag-bebe","10":"product_tag-bolero","11":"product_tag-crochet","12":"product_tag-layette","13":"product_tag-made-in-france","15":"first","16":"instock","17":"shipping-taxable","18":"purchasable","19":"product-type-variable"},"_links":{"self":[{"href":"https:\/\/www.family-stach-crea.com\/index.php\/wp-json\/wp\/v2\/product\/21","targetHints":{"allow":["GET"]}}],"collection":[{"href":"https:\/\/www.family-stach-crea.com\/index.php\/wp-json\/wp\/v2\/product"}],"about":[{"href":"https:\/\/www.family-stach-crea.com\/index.php\/wp-json\/wp\/v2\/types\/product"}],"wp:featuredmedia":[{"embeddable":true,"href":"https:\/\/www.family-stach-crea.com\/index.php\/wp-json\/wp\/v2\/media\/22"}],"wp:attachment":[{"href":"https:\/\/www.family-stach-crea.com\/index.php\/wp-json\/wp\/v2\/media?parent=21"}],"wp:term":[{"taxonomy":"product_brand","embeddable":true,"href":"https:\/\/www.family-stach-crea.com\/index.php\/wp-json\/wp\/v2\/product_brand?post=21"},{"taxonomy":"product_cat","embeddable":true,"href":"https:\/\/www.family-stach-crea.com\/index.php\/wp-json\/wp\/v2\/product_cat?post=21"},{"taxonomy":"product_tag","embeddable":true,"href":"https:\/\/www.family-stach-crea.com\/index.php\/wp-json\/wp\/v2\/product_tag?post=21"}],"curies":[{"name":"wp","href":"https:\/\/api.w.org\/{rel}","templated":true}]}}